{"id":5,"date":"2015-05-12T15:19:12","date_gmt":"2015-05-12T13:19:12","guid":{"rendered":"http:\/\/dein-plaetzchen.de\/?page_id=5"},"modified":"2023-08-25T16:51:30","modified_gmt":"2023-08-25T14:51:30","slug":"impressum","status":"publish","type":"page","link":"https:\/\/dein-plaetzchen.de\/index.php\/impressum\/","title":{"rendered":"Impressum"},"content":{"rendered":"<h3>Dienstanbieter dieser Seiten:<\/h3>\n<p>Kirchengemeinde St. Johann Baptist Wuppertal<br \/>\nGKZ 253-0<\/p>\n<h3>Vertreter:<\/h3>\n<p>Pfr. Ulrich Lemke<\/p>\n<h3>Sie erreichen uns wie folgt:<\/h3>\n<p>Normannenstr. 73<br \/>\n42277 Wuppertal<br \/>\nTel.: 0202 &#8211; 66 04 33<br \/>\nFax: 0202 &#8211; 64 91 39<\/p>\n<p>V.i.S.d.P.: Pfarrer Ulrich Lemke <a href=\"mailto:ulrich.lemke@erzbistum-koeln.de\">(Mail)<\/a><\/p>\n<p>Alle Rechte an der Seite der Homepage www.dein-plaetzchen.de und www.praxis-seelsorge.de\u00a0sind vorbehalten.<\/p>\n<p>Online seit: 12. Mai\u00a02015<\/p>\n<p>Sollten Sie Fehler oder fehlerhafte Links auf dieser Homepage entdeckt haben,\u00a0bitten wir h\u00f6flichst um Benachrichtigung per Mail an:<br \/>\n<a href=\"mailto:ulrich.lemke@erzbistum-koeln.de\">ulrich.lemke@erzbistum-koeln.de<\/a>.<\/p>\n<p>Bei Gastbeitr\u00e4gen und Kommentaren liegt die Verantwortung f\u00fcr den Inhalt bei den jeweiligen Autoren. Sie geben nicht unbedingt die Meinung der Herausgeber www.dein-plaetzchen.de und www.praxis-seelsorge.de wieder. Au\u00dferdem ist eine Ver\u00f6ffentlichung vorbehalten.<\/p>\n<p><strong>Haftungsausschluss:<\/strong><\/p>\n<p>Haftung f\u00fcr Inhalte<\/p>\n<p>Die Inhalte unserer Seiten wurden mit gr\u00f6\u00dfter Sorgfalt erstellt. F\u00fcr die Richtigkeit, Vollst\u00e4ndigkeit und Aktualit\u00e4t der Inhalte k\u00f6nnen wir jedoch keine Gew\u00e4hr \u00fcbernehmen.<\/p>\n<p>Als Diensteanbieter sind wir gem\u00e4\u00df \u00a7 7 Abs.1 TMG f\u00fcr eigene Inhalte auf diesen Seiten nach den allgemeinen Gesetzen verantwortlich. Nach \u00a7\u00a7 8 bis 10 TMG sind wir als Diensteanbieter jedoch nicht verpflichtet, \u00fcbermittelte oder gespeicherte fremde Informationen zu \u00fcberwachen oder nach Umst\u00e4nden zu forschen, die auf eine rechtswidrige T\u00e4tigkeit hinweisen. Verpflichtungen zur Entfernung oder Sperrung der Nutzung von Informationen nach den allgemeinen Gesetzen bleiben hiervon unber\u00fchrt. Eine diesbez\u00fcgliche Haftung ist jedoch erst ab dem Zeitpunkt der Kenntnis einer konkreten Rechtsverletzung m\u00f6glich. Bei bekannt werden von entsprechenden Rechtsverletzungen werden wir diese Inhalte umgehend entfernen.<\/p>\n<p><strong>Haftung f\u00fcr Links<\/strong><\/p>\n<p>Unser Angebot enth\u00e4lt Links zu externen Webseiten Dritter, auf deren Inhalte wir keinen Einfluss haben. Deshalb k\u00f6nnen wir f\u00fcr diese fremden Inhalte auch keine Gew\u00e4hr \u00fcbernehmen. F\u00fcr die Inhalte der verlinkten Seiten ist stets der jeweilige Anbieter oder Betreiber der Seiten verantwortlich. Die verlinkten Seiten wurden zum Zeitpunkt der Verlinkung auf m\u00f6gliche Rechtsverst\u00f6\u00dfe \u00fcberpr\u00fcft. Rechtswidrige Inhalte waren zum Zeitpunkt der Verlinkung nicht erkennbar. Eine permanente inhaltliche Kontrolle der verlinkten Seiten ist jedoch ohne konkrete Anhaltspunkte einer Rechtsverletzung nicht zumutbar. Bei bekannt werden von Rechtsverletzungen werden wir derartige Links umgehend entfernen.<\/p>\n<p><strong>Urheberrecht<\/strong><\/p>\n<p>Die durch die Seitenbetreiber erstellten Inhalte und Werke auf diesen Seiten unterliegen dem deutschen Urheberrecht. Beitr\u00e4ge Dritter sind als solche gekennzeichnet. Die Vervielf\u00e4ltigung, Bearbeitung, Verbreitung und jede Art der Verwertung au\u00dferhalb der Grenzen des Urheberrechtes bed\u00fcrfen der schriftlichen Zustimmung des jeweiligen Autors bzw. Erstellers. Downloads und Kopien dieser Seite sind nur f\u00fcr den privaten, nicht kommerziellen Gebrauch gestattet. Die Betreiber der Seiten sind bem\u00fcht, stets die Urheberrechte anderer zu beachten bzw. auf selbst erstellte sowie lizenzfreie Werke zur\u00fcckzugreifen.<\/p>\n<p><strong>Quelle: <\/strong><strong><a href=\"http:\/\/www.e-recht24.de\/\" target=\"_blank\" rel=\"noopener noreferrer\">eRecht24.de<\/a> \u2013 Internetrecht von Rechtsanwalt S\u00f6ren Siebert<\/strong><\/p>\n<p>&nbsp;<\/p>\n<p>Copyright \u00a9 2015<br \/>\nKirchengemeinde St. Johann Baptist Wuppertal<\/p>\n","protected":false},"excerpt":{"rendered":"<p>Dienstanbieter dieser Seiten: Kirchengemeinde St. Johann Baptist Wuppertal GKZ 253-0 Vertreter: Pfr. Ulrich Lemke Sie erreichen uns wie folgt: Normannenstr. 73 42277 Wuppertal Tel.: 0202 &#8211; 66 04 33 Fax: 0202 &#8211; 64 91 39 V.i.S.d.P.: Pfarrer Ulrich Lemke (Mail) Alle Rechte an der Seite der Homepage www.dein-plaetzchen.de und www.praxis-seelsorge.de\u00a0sind vorbehalten. Online seit: 12. Mai\u00a02015 &hellip; <\/p>\n<p class=\"link-more\"><a href=\"https:\/\/dein-plaetzchen.de\/index.php\/impressum\/\" class=\"more-link\">Mehr <span class=\"screen-reader-text\">\u00fcber &#8222;Impressum&#8220; <\/span>Lesen<\/a><\/p>\n","protected":false},"author":1,"featured_media":0,"parent":0,"menu_order":3,"comment_status":"closed","ping_status":"closed","template":"","meta":{"footnotes":""},"_links":{"self":[{"href":"https:\/\/dein-plaetzchen.de\/index.php\/wp-json\/wp\/v2\/pages\/5"}],"collection":[{"href":"https:\/\/dein-plaetzchen.de\/index.php\/wp-json\/wp\/v2\/pages"}],"about":[{"href":"https:\/\/dein-plaetzchen.de\/index.php\/wp-json\/wp\/v2\/types\/page"}],"author":[{"embeddable":true,"href":"https:\/\/dein-plaetzchen.de\/index.php\/wp-json\/wp\/v2\/users\/1"}],"replies":[{"embeddable":true,"href":"https:\/\/dein-plaetzchen.de\/index.php\/wp-json\/wp\/v2\/comments?post=5"}],"version-history":[{"count":7,"href":"https:\/\/dein-plaetzchen.de\/index.php\/wp-json\/wp\/v2\/pages\/5\/revisions"}],"predecessor-version":[{"id":414,"href":"https:\/\/dein-plaetzchen.de\/index.php\/wp-json\/wp\/v2\/pages\/5\/revisions\/414"}],"wp:attachment":[{"href":"https:\/\/dein-plaetzchen.de\/index.php\/wp-json\/wp\/v2\/media?parent=5"}],"curies":[{"name":"wp","href":"https:\/\/api.w.org\/{rel}","templated":true}]}}