{"id":407,"date":"2023-08-25T16:43:27","date_gmt":"2023-08-25T14:43:27","guid":{"rendered":"https:\/\/dein-plaetzchen.de\/?page_id=407"},"modified":"2023-08-25T16:43:27","modified_gmt":"2023-08-25T14:43:27","slug":"datenschutzerklaerung","status":"publish","type":"page","link":"https:\/\/dein-plaetzchen.de\/index.php\/datenschutzerklaerung\/","title":{"rendered":"Datenschutzerkl\u00e4rung"},"content":{"rendered":"<p>Diese Datenschutzerkl\u00e4rung unterrichtet Sie gem\u00e4\u00df Art. 13 DS-GVO \u00fcber Art und Weise und die Hintergr\u00fcnde der Verarbeitung Ihrer personenbezogenen Daten \u00fcber die Website <a href=\"https:\/\/dein-plaetzchen.de\/\">dein-plaetzchen.de<\/a> (nachfolgend \u201e<strong>Website<\/strong>\u201c) und \u00fcber die Ihnen zustehenden Rechte.<\/p>\n<p>Personenbezogene Daten sind alle Informationen, die sich auf eine identifizierte oder identifizierbare nat\u00fcrliche Person beziehen. Als identifizierbar wird eine nat\u00fcrliche Person angesehen, die direkt oder indirekt, insbesondere mittels Zuordnung zu einer Kennung wie einem Namen, zu einer Kennnummer, zu Standortdaten, zu einer Online-Kennung oder zu einem oder mehreren besonderen Merkmalen identifiziert werden kann, die Ausdruck der physischen, physiologischen, genetischen, psychischen, wirtschaftlichen, kulturellen oder sozialen Identit\u00e4t dieser nat\u00fcrlichen Person sind. Dies sind also nicht nur Ihr Name, Ihre E-Mail-Adresse oder \u201aIhre Kontaktdaten, sondern z.B. auch die IP-Adresse, \u00fcber die Sie ggf. rein informatorisch unsere Website besuchen.<\/p>\n<p><strong>Verantwortliche Stelle f\u00fcr die Erhebung, Verarbeitung und Nutzung Ihrer personenbezogenen Daten im Sinne der DSGVO ist<\/strong><\/p>\n<p>Katholischer Kirchengemeindeverband Barmen-Nordost<br \/>\nUlrich Lemke<br \/>\nNormannenstra\u00dfe 73<br \/>\n42277 Wuppertal<\/p>\n<p>Sofern Sie der Erhebung, Verarbeitung oder Nutzung Ihrer Daten durch uns nach Ma\u00dfgabe dieser Datenschutzbestimmungen insgesamt oder f\u00fcr einzelne Ma\u00dfnahmen widersprechen wollen, k\u00f6nnen Sie Ihren Widerspruch an oben genannte verantwortliche Stelle richten. Sie k\u00f6nnen diese Datenschutzerkl\u00e4rung jederzeit speichern und ausdrucken.<\/p>\n<p>Unseren Datenschutzbeauftragten erreichen sie unter:<br \/>\n<a href=\"mailto:Betrieblicher-datenschutz@erzbistum-koeln.de\">Betrieblicher-datenschutz@erzbistum-koeln.de<\/a><br \/>\n<a href=\"https:\/\/www.katholisches-datenschutzzentrum.de\/\">www.katholisches-datenschutzzentrum.de<\/a><\/p>\n<p><strong>Ihre Betroffenenrechte<\/strong><\/p>\n<p>Sie haben nach der DS-GVO und dem KDG (\u00a7\u00a7 17 ff. KDG) folgende Rechte hinsichtlich der Sie betreffenden personenbezogenen Daten:<\/p>\n<p>Recht auf Auskunft,<br \/>\nRecht auf Berichtigung,<br \/>\nRecht auf L\u00f6schung,<br \/>\nRecht auf Einschr\u00e4nkung der Verarbeitung,<br \/>\nRecht auf Widerspruch gegen die Verarbeitung,<br \/>\nRecht auf Daten\u00fcbertragbarkeit.<\/p>\n<p>Sie haben zudem das Recht, sich bei einer Datenschutz-Aufsichtsbeh\u00f6rde bzw. der Datenschutzaufsicht (\u00a7\u00a7 42 ff. KDG) \u00fcber die Verarbeitung Ihrer personenbezogenen Daten zu beschweren.<\/p>\n<p><strong>Recht auf L\u00f6schung (\u201eRecht auf Vergessenwerden\u201c)<\/strong><\/p>\n<p>Sie haben das Recht, von uns zu verlangen, dass Sie betreffende personenbezogene Daten unverz\u00fcglich gel\u00f6scht werden, und wir sind verpflichtet, personenbezogene Daten unverz\u00fcglich zu l\u00f6schen, sofern einer der folgenden Gr\u00fcnde zutrifft:<br \/>\n1. Die personenbezogenen Daten sind f\u00fcr die Zwecke, f\u00fcr die sie erhoben oder auf sonstige Weise verarbeitet wurden, nicht mehr notwendig.<br \/>\n2. Sie widerrufen Ihre Einwilligung, auf die sich die Verarbeitung gem\u00e4\u00df Artikel 6 Absatz 1 DSGVO Buchstabe a oder Artikel 9 Absatz 2 Buchstabe a DSGVO st\u00fctzte, und es fehlt an einer anderweitigen Rechtsgrundlage f\u00fcr die Verarbeitung.<br \/>\n3. Sie legen gem\u00e4\u00df Artikel 21 Absatz 1 DSGVO Widerspruch gegen die Verarbeitung ein und es liegen keine vorrangigen berechtigten Gr\u00fcnde f\u00fcr die Verarbeitung vor, oder Sie legen gem\u00e4\u00df Artikel 21 Absatz 2 DSGVO Widerspruch gegen die Verarbeitung ein.<br \/>\n4. Die personenbezogenen Daten wurden unrechtm\u00e4\u00dfig verarbeitet.<br \/>\n5. Die L\u00f6schung der personenbezogenen Daten ist zur Erf\u00fcllung einer rechtlichen Verpflichtung nach dem Unionsrecht oder dem Recht der Mitgliedstaaten erforderlich, dem wir unterliegen.<br \/>\n6. Die personenbezogenen Daten wurden in Bezug auf angebotene Dienste der<br \/>\nInformationsgesellschaft gem\u00e4\u00df Artikel 8 Absatz 1 DSGVO erhoben.<\/p>\n<p><strong>Recht auf Beschwerde bei einer Aufsichtsbeh\u00f6rde<\/strong><\/p>\n<p>Jede betroffene Person hat unbeschadet eines anderweitigen verwaltungsrechtlichen oder gerichtlichen Rechtsbehelfs das Recht auf Beschwerde bei einer Aufsichtsbeh\u00f6rde, insbesondere in dem Mitgliedstaat ihres gew\u00f6hnlichen Aufenthaltsorts, ihres Arbeitsplatzes oder des Orts des mutma\u00dflichen Versto\u00dfes, wenn die betroffene Person der Ansicht ist, dass die Verarbeitung der sie betreffenden personenbezogenen Daten gegen diese Verordnung verst\u00f6\u00dft. (Art. 77 DSGVO)<\/p>\n<p><strong>Allgemeine Nutzung der Webseite<\/strong><\/p>\n<p>Die Nutzung unserer Webseite ist in der Regel ohne Angabe personenbezogener Daten m\u00f6glich. Soweit auf unseren Seiten personenbezogene Daten (beispielsweise Name, Anschrift oder E-Mail-Adressen) erhoben werden, erfolgt dies, soweit m\u00f6glich, stets auf freiwilliger Basis. Diese Daten werden ohne Ihre ausdr\u00fcckliche Zustimmung nicht an Dritte weitergegeben.<\/p>\n<p><strong>Rein informatorischer Besuch unserer Website<\/strong><\/p>\n<p>Bei dem informatorischen Besuch unserer Website erfassen wir automatisiert folgende Daten und Informationen vom Computersystem des aufrufenden Rechners:<\/p>\n<ul>\n<li><em>IP-Adresse<\/em><\/li>\n<li><em>Datum und Uhrzeit der Anfrage<\/em><\/li>\n<li><em>Zeitzonendifferenz zur Greenwich Mean Time (GMT)<\/em><\/li>\n<li><em>Inhalt der Anforderung (konkrete Seite)<\/em><\/li>\n<li><em>Zugriffsstatus\/HTTP-Statuscode<\/em><\/li>\n<li><em>jeweils \u00fcbertragene Datenmenge<\/em><\/li>\n<li><em>Website, von der die Anforderung kommt<\/em><\/li>\n<li><em>Browser<\/em><\/li>\n<li><em>Betriebssystem und dessen Oberfl\u00e4che<\/em><\/li>\n<li><em>Sprache und Version der Browsersoftware<\/em><\/li>\n<\/ul>\n<p><em>Die Daten werden ebenfalls in den Logfiles unseres Systems gespeichert. Eine Speicherung dieser Daten zusammen mit anderen personenbezogenen Daten des Nutzers findet nicht statt.<\/em><\/p>\n<p>Diese Datenverarbeitung durch unser System dient dem Zweck und unserem Interesse, die Auslieferung der Website an den Rechner des Nutzers zu erm\u00f6glichen. Hierf\u00fcr muss die IP-Adresse des Nutzers f\u00fcr die Dauer der Sitzung gespeichert bleiben. <em>Die Speicherung in Logfiles erfolgt zu dem Zweck und unserem Interesse, die Funktionsf\u00e4higkeit der Website sicherzustellen und zur Optimierung der Website sowie zur Sicherstellung der Sicherheit unserer informationstechnischen Systeme. Eine Auswertung dieser Daten zu Marketingzwecken findet nicht statt.<\/em><\/p>\n<p>Rechtsgrundlage f\u00fcr die Datenverarbeitung ist Art. 6 Abs. 1 S. 1 lit. f DS-GVO bzw. \u00a7 6 Abs. 1 lit. g KDG. Die Daten werden in unserem System gel\u00f6scht, wenn die jeweilige Sitzung beendet ist. <em>Die in den Logfiles gespeicherten Daten werden nach sp\u00e4testens sieben Tagen gel\u00f6scht oder anonymisiert, sodass eine Zuordnung des aufrufenden Clients nicht mehr m\u00f6glich ist.<\/em> Die Erfassung der Daten zur Bereitstellung der Website <em>und die Speicherung der Daten in Logfiles<\/em> ist f\u00fcr den Betrieb der Internetseite zwingend erforderlich. Im \u00dcbrigen erheben wir personenbezogene Daten von Ihnen nur dann, wenn Sie uns diese auf der Website freiwillig zur Verf\u00fcgung stellen, z. B., wenn Sie ein Benutzerkonto einrichten oder sich bei einem Newsletter registrieren, eine Bestellung aufgeben oder mit uns in Kontakt treten.<\/p>\n<p>Sie k\u00f6nnen die Website auch generell besuchen, ohne personenbezogene Daten preiszugeben. In diesem Fall kann es jedoch sein, dass Sie bestimmte Bereiche der Website nicht nutzen bzw. wir eine Anfrage von Ihnen nicht beantworten k\u00f6nnen.<\/p>\n<p><strong>E-Mail Kontakt<\/strong><\/p>\n<p>Wenn Sie mit uns in Kontakt treten, speichern wir Ihre Angaben zur Bearbeitung der Anfrage, f\u00fcr den Fall, dass Anschlu\u00dffragen entstehen und zur Erstellung von Angeboten, Auftragsbest\u00e4tigungen und Rechnungen. Weitere personenbezogene Daten speichern und nutzen wir nur, wenn Sie dazu einwilligen oder dies ohne besondere Einwilligung gesetzlich zul\u00e4ssig ist.<\/p>\n<p><strong>Rechtsgrundlagen und Speicherdauer<\/strong><\/p>\n<p>Rechtsgrundlage der Datenverarbeitung nach den vorstehenden Ziffern ist Art 6 Abs. 1 Buchstabe f) DSGVO. Unsere Interessen an der Datenverarbeitung sind insbesondere die Sicherstellung des Betriebs und der Sicherheit der Webseite, die Untersuchung der Art und Weise der Nutzung der Webseite durch Besucher, und die Vereinfachung der Nutzung der Webseite. Sofern nicht spezifisch angegeben speichern wir personenbezogene Daten nur so lange, wie dies zur Erf\u00fcllung der verfolgten Zwecke notwendig ist.<\/p>\n<p><strong>Datensicherheit<\/strong><\/p>\n<p>Wir sind um die Sicherheit Ihrer Daten im Rahmen der geltenden Datenschutzgesetze und technischen M\u00f6glichkeiten maximal bem\u00fcht. Ihre pers\u00f6nlichen Daten werden bei uns verschl\u00fcsselt \u00fcbertragen. Wir nutzen das Codierungssystems SSL (Secure Socket Layer), weisen jedoch darauf hin, dass die Daten\u00fcbertragung im Internet (z.B. bei der Kommunikation per E-Mail) Sicherheitsl\u00fccken aufweisen kann. Ein l\u00fcckenloser Schutz der Daten vor dem Zugriff durch Dritte ist nicht m\u00f6glich.<\/p>\n<p><strong>Weitergabe von Daten an Dritte, Keine Daten\u00fcbertragung ins Nicht-EU-Ausland<\/strong><\/p>\n<p>Grunds\u00e4tzlich verwenden wir Ihre personenbezogenen Daten nur innerhalb unseres Unternehmens. F\u00fcr den Fall, dass wir bestimmte Teile der Datenverarbeitung auslagern (\u201eAuftragsverarbeitung\u201c), verpflichten wir Auftragsverarbeiter vertraglich dazu, personenbezogene Daten nur im Einklang mit den Anforderungen der Datenschutzgesetze zu verwenden und den Schutz der Rechte der betroffenen Person zu gew\u00e4hrleisten. Eine Daten\u00fcbertragung an Stellen oder Personen au\u00dferhalb der EU au\u00dferhalb der in dieser Erkl\u00e4rung genannten F\u00e4llen findet nicht statt und ist nicht geplant.<\/p>\n<p><strong>Cookies<\/strong><\/p>\n<p>Die Internetseiten verwenden teilweise so genannte Cookies. Cookies richten auf Ihrem Rechner keinen Schaden an und enthalten keine Viren. Cookies dienen dazu, unser Angebot nutzerfreundlicher, effektiver und sicherer zu machen. Cookies sind kleine Textdateien, die auf Ihrem Rechner abgelegt werden und die Ihr Browser speichert.<\/p>\n<p>Die meisten der von uns verwendetenCookies sind so genannte \u201eSession-Cookies\u201c. Sie werden nach Ende Ihres Besuchs automatisch gel\u00f6scht. Andere Cookies bleiben auf Ihrem Endger\u00e4t gespeichert, bis Sie diese l\u00f6schen.n Diese Cookies erm\u00f6glichen es uns, Ihren Browser beim n\u00e4chsten Besuch wiederzuerkennen.<\/p>\n<p>Sie k\u00f6nnen Ihren Browser so einstellen, dass Sie \u00fcber das Setzen von Cookies informiert werden und Cookies nur im Einzelfall erlauben, die Annahme von Cookies f\u00fcr bestimmte F\u00e4lle oder generell ausschlie\u00dfen sowie das automatische L\u00f6schen der Cookies beim Schlie\u00dfen des Browser aktivieren. Bei der Deaktivierung von Cookies kann die Funktionalit\u00e4t dieser Website eingeschr\u00e4nkt sein.<\/p>\n<p><strong>SSL-Verschl\u00fcsselung<\/strong><\/p>\n<p>Diese Seite nutzt aus Gr\u00fcnden der Sicherheit und zum Schutz der \u00dcbertragung vertraulicher Inhalte, wie zum Beispiel der Anfragen, die Sie an uns als Seitenbetreiber senden, eine SSL-Verschl\u00fcsselung. Eine verschl\u00fcsselte Verbindung erkennen Sie daran, dass die Adresszeile des Browsers von \u201ehttp:\/\/\u201c auf \u201ehttps:\/\/\u201c wechselt und an dem Schloss-Symbol in Ihrer Browserzeile. Wenn die SSL Verschl\u00fcsselung aktiviert ist, k\u00f6nnen die Daten, die Sie an uns \u00fcbermitteln, nicht von Dritten mitgelesen werden.<\/p>\n<p><strong>Widerspruch Werbe-Mails<\/strong><\/p>\n<p>Der Nutzung von im Rahmen der Impressumspflicht ver\u00f6ffentlichten Kontaktdaten zur \u00dcbersendung von nicht ausdr\u00fccklich angeforderter Werbung und Informationsmaterialien wird hiermit widersprochen. Die Betreiber der Seiten behalten sich ausdr\u00fccklich rechtliche Schritte im Falle der unverlangten Zusendung von Werbeinformationen, etwa durch Spam-E-Mails, vor.<\/p>\n<p>Quelle teilweise: <a href=\"https:\/\/www.e-recht24.de\/musterdatenschutzerklaerung.html\">https:\/\/www.e-recht24.de\/musterdatenschutzerklaerung.html<\/a><\/p>\n","protected":false},"excerpt":{"rendered":"<p>Diese Datenschutzerkl\u00e4rung unterrichtet Sie gem\u00e4\u00df Art. 13 DS-GVO \u00fcber Art und Weise und die Hintergr\u00fcnde der Verarbeitung Ihrer personenbezogenen Daten \u00fcber die Website dein-plaetzchen.de (nachfolgend \u201eWebsite\u201c) und \u00fcber die Ihnen zustehenden Rechte. Personenbezogene Daten sind alle Informationen, die sich auf eine identifizierte oder identifizierbare nat\u00fcrliche Person beziehen. Als identifizierbar wird eine nat\u00fcrliche Person angesehen, die &hellip; <\/p>\n<p class=\"link-more\"><a href=\"https:\/\/dein-plaetzchen.de\/index.php\/datenschutzerklaerung\/\" class=\"more-link\">Mehr <span class=\"screen-reader-text\">\u00fcber &#8222;Datenschutzerkl\u00e4rung&#8220; <\/span>Lesen<\/a><\/p>\n","protected":false},"author":1,"featured_media":0,"parent":0,"menu_order":0,"comment_status":"closed","ping_status":"closed","template":"","meta":{"footnotes":""},"_links":{"self":[{"href":"https:\/\/dein-plaetzchen.de\/index.php\/wp-json\/wp\/v2\/pages\/407"}],"collection":[{"href":"https:\/\/dein-plaetzchen.de\/index.php\/wp-json\/wp\/v2\/pages"}],"about":[{"href":"https:\/\/dein-plaetzchen.de\/index.php\/wp-json\/wp\/v2\/types\/page"}],"author":[{"embeddable":true,"href":"https:\/\/dein-plaetzchen.de\/index.php\/wp-json\/wp\/v2\/users\/1"}],"replies":[{"embeddable":true,"href":"https:\/\/dein-plaetzchen.de\/index.php\/wp-json\/wp\/v2\/comments?post=407"}],"version-history":[{"count":1,"href":"https:\/\/dein-plaetzchen.de\/index.php\/wp-json\/wp\/v2\/pages\/407\/revisions"}],"predecessor-version":[{"id":409,"href":"https:\/\/dein-plaetzchen.de\/index.php\/wp-json\/wp\/v2\/pages\/407\/revisions\/409"}],"wp:attachment":[{"href":"https:\/\/dein-plaetzchen.de\/index.php\/wp-json\/wp\/v2\/media?parent=407"}],"curies":[{"name":"wp","href":"https:\/\/api.w.org\/{rel}","templated":true}]}}